{"id":7312,"date":"2024-12-11T05:25:22","date_gmt":"2024-12-11T05:25:22","guid":{"rendered":"https:\/\/univyne.com\/?post_type=product&#038;p=7312"},"modified":"2024-12-11T05:49:02","modified_gmt":"2024-12-11T05:49:02","slug":"penfolds-bin-150-maranga-shiraz","status":"publish","type":"product","link":"https:\/\/univyne.com\/index.php\/product\/penfolds-bin-150-maranga-shiraz\/","title":{"rendered":"Penfolds Bin 150 Maranga Shiraz"},"content":{"rendered":"<p><strong>Tasting note: <\/strong><br \/>\nA medley of aromas that are both opulent and elegantly defined. The richness of fresh black liquorice is amplified by the piquant formic acid lift that Penfolds is celebrated for. This vintage carries the hallmark Marananga signatures of ripe black olives and dark plum fruits, each scent meticulously entwined with the distinctive notes of cordite and dried sage. A true sensory homage to the ancient soils of Marananga.<br \/>\nIronstone and ferric elements meld in seamless unity, crafting a foundation with gravitas and depth. Black pepper interlaces with exotic spices, while caper brine imparts a striking piquancy. These savoury tones coalesce with the sweetness of Cr\u00e8me Br\u00fbl\u00e9e and the warmth of sandalwood. The texture is luxurious \u2013 plush, intricately woven, creating a tapestry that envelops the palate.<\/p>\n<p><strong>Additional information: <\/strong><br \/>\nBin 150 Marananga Shiraz is a sub-regional expression that is unmistakably Penfolds in character. Conceived from the ancient soils around the township of Marananga, located very close to the centre of the Barossa Valley. The warm dry conditions, rich red clay and sandy loam soils provide the backbone to some of the Barossa Valley\u2019s best-known wines. Bin 150 is a contemporary Shiraz alternative, a sub-regional offer framed by a mix of oaks; French and American, old and new, small and large \u2013 crafted the \u2018Penfolds way\u2019.<\/p>\n<p><strong>The Marananga region Shiraz grapes flourished beyond expectations this year\u2014larger berries basking under excellent late-season growing conditions that resulted in yields that defied early season predictions. Bin 150 encapsulates this success story: opulent flavours, ripe tannins, and a bright acidity that promises longevity.<\/p>\n<p>\u2013 Matt Woo, Penfolds Red Winemaker<\/strong><\/p>\n","protected":false},"excerpt":{"rendered":"<p><strong>Penfolds, Marananga, Barossa Valley, South Australia<\/strong><br \/>\n<strong>Grape Varietal :<\/strong> Shiraz<br \/>\n<strong>Wine type :<\/strong> Red Wine<br \/>\n<strong>Food pairing :<\/strong> Grilled meats, especially juicy steaks and lamb chops; hearty stews or slow-cooked braised dishes; aged cheeses<br \/>\n<strong>ABV :<\/strong> 14.5%<br \/>\n<strong>Volume :<\/strong> 750ml<\/p>\n","protected":false},"featured_media":7313,"comment_status":"open","ping_status":"closed","template":"","meta":[],"product_cat":[75,82],"product_tag":[154,208,214,218,209,85,135,143,155],"class_list":["post-7312","product","type-product","status-publish","has-post-thumbnail","hentry","product_cat-australian-wine","product_cat-wine","product_tag-australia","product_tag-barossa-valley","product_tag-bin","product_tag-bin-150","product_tag-marananga","product_tag-penfolds","product_tag-red-wine","product_tag-shiraz-syrah","product_tag-south-australia"],"yoast_head":"<!-- This site is optimized with the Yoast SEO plugin v24.1 - https:\/\/yoast.com\/wordpress\/plugins\/seo\/ -->\n<title>Penfolds Bin 150 Maranga Shiraz - UNIVYNE<\/title>\n<meta name=\"robots\" content=\"index, follow, max-snippet:-1, max-image-preview:large, max-video-preview:-1\" \/>\n<link rel=\"canonical\" href=\"https:\/\/univyne.com\/index.php\/product\/penfolds-bin-150-maranga-shiraz\/\" \/>\n<meta property=\"og:locale\" content=\"en_US\" \/>\n<meta property=\"og:type\" content=\"article\" \/>\n<meta property=\"og:title\" content=\"Penfolds Bin 150 Maranga Shiraz - UNIVYNE\" \/>\n<meta property=\"og:description\" content=\"Penfolds, Marananga, Barossa Valley, South Australia Grape Varietal : Shiraz Wine type : Red Wine Food pairing : Grilled meats, especially juicy steaks and lamb chops; hearty stews or slow-cooked braised dishes; aged cheeses ABV : 14.5% Volume : 750ml\" \/>\n<meta property=\"og:url\" content=\"https:\/\/univyne.com\/index.php\/product\/penfolds-bin-150-maranga-shiraz\/\" \/>\n<meta property=\"og:site_name\" content=\"UNIVYNE\" \/>\n<meta property=\"article:publisher\" content=\"https:\/\/www.facebook.com\/profile.php?id=61570708052547\" \/>\n<meta property=\"article:modified_time\" content=\"2024-12-11T05:49:02+00:00\" \/>\n<meta property=\"og:image\" content=\"https:\/\/univyne.com\/wp-content\/uploads\/2024\/12\/Pic-10.jpg\" \/>\n\t<meta property=\"og:image:width\" content=\"800\" \/>\n\t<meta property=\"og:image:height\" content=\"800\" \/>\n\t<meta property=\"og:image:type\" content=\"image\/jpeg\" \/>\n<meta name=\"twitter:card\" content=\"summary_large_image\" \/>\n<meta name=\"twitter:label1\" content=\"Est. reading time\" \/>\n\t<meta name=\"twitter:data1\" content=\"1 minute\" \/>\n<script type=\"application\/ld+json\" class=\"yoast-schema-graph\">{\"@context\":\"https:\/\/schema.org\",\"@graph\":[{\"@type\":\"WebPage\",\"@id\":\"https:\/\/univyne.com\/index.php\/product\/penfolds-bin-150-maranga-shiraz\/\",\"url\":\"https:\/\/univyne.com\/index.php\/product\/penfolds-bin-150-maranga-shiraz\/\",\"name\":\"Penfolds Bin 150 Maranga Shiraz - UNIVYNE\",\"isPartOf\":{\"@id\":\"https:\/\/univyne.com\/#website\"},\"primaryImageOfPage\":{\"@id\":\"https:\/\/univyne.com\/index.php\/product\/penfolds-bin-150-maranga-shiraz\/#primaryimage\"},\"image\":{\"@id\":\"https:\/\/univyne.com\/index.php\/product\/penfolds-bin-150-maranga-shiraz\/#primaryimage\"},\"thumbnailUrl\":\"https:\/\/univyne.com\/wp-content\/uploads\/2024\/12\/Pic-10.jpg\",\"datePublished\":\"2024-12-11T05:25:22+00:00\",\"dateModified\":\"2024-12-11T05:49:02+00:00\",\"breadcrumb\":{\"@id\":\"https:\/\/univyne.com\/index.php\/product\/penfolds-bin-150-maranga-shiraz\/#breadcrumb\"},\"inLanguage\":\"en-US\",\"potentialAction\":[{\"@type\":\"ReadAction\",\"target\":[\"https:\/\/univyne.com\/index.php\/product\/penfolds-bin-150-maranga-shiraz\/\"]}]},{\"@type\":\"ImageObject\",\"inLanguage\":\"en-US\",\"@id\":\"https:\/\/univyne.com\/index.php\/product\/penfolds-bin-150-maranga-shiraz\/#primaryimage\",\"url\":\"https:\/\/univyne.com\/wp-content\/uploads\/2024\/12\/Pic-10.jpg\",\"contentUrl\":\"https:\/\/univyne.com\/wp-content\/uploads\/2024\/12\/Pic-10.jpg\",\"width\":800,\"height\":800},{\"@type\":\"BreadcrumbList\",\"@id\":\"https:\/\/univyne.com\/index.php\/product\/penfolds-bin-150-maranga-shiraz\/#breadcrumb\",\"itemListElement\":[{\"@type\":\"ListItem\",\"position\":1,\"name\":\"Home\",\"item\":\"https:\/\/univyne.com\/\"},{\"@type\":\"ListItem\",\"position\":2,\"name\":\"SHOP\",\"item\":\"https:\/\/univyne.com\/index.php\/shop\/\"},{\"@type\":\"ListItem\",\"position\":3,\"name\":\"Penfolds Bin 150 Maranga Shiraz\"}]},{\"@type\":\"WebSite\",\"@id\":\"https:\/\/univyne.com\/#website\",\"url\":\"https:\/\/univyne.com\/\",\"name\":\"UNIVYNE\",\"description\":\"\",\"publisher\":{\"@id\":\"https:\/\/univyne.com\/#organization\"},\"potentialAction\":[{\"@type\":\"SearchAction\",\"target\":{\"@type\":\"EntryPoint\",\"urlTemplate\":\"https:\/\/univyne.com\/?s={search_term_string}\"},\"query-input\":{\"@type\":\"PropertyValueSpecification\",\"valueRequired\":true,\"valueName\":\"search_term_string\"}}],\"inLanguage\":\"en-US\"},{\"@type\":\"Organization\",\"@id\":\"https:\/\/univyne.com\/#organization\",\"name\":\"UNIVYNE\",\"url\":\"https:\/\/univyne.com\/\",\"logo\":{\"@type\":\"ImageObject\",\"inLanguage\":\"en-US\",\"@id\":\"https:\/\/univyne.com\/#\/schema\/logo\/image\/\",\"url\":\"https:\/\/univyne.com\/wp-content\/uploads\/2023\/11\/cropped-Capture.png\",\"contentUrl\":\"https:\/\/univyne.com\/wp-content\/uploads\/2023\/11\/cropped-Capture.png\",\"width\":512,\"height\":512,\"caption\":\"UNIVYNE\"},\"image\":{\"@id\":\"https:\/\/univyne.com\/#\/schema\/logo\/image\/\"},\"sameAs\":[\"https:\/\/www.facebook.com\/profile.php?id=61570708052547\"]}]}<\/script>\n<!-- \/ Yoast SEO plugin. -->","yoast_head_json":{"title":"Penfolds Bin 150 Maranga Shiraz - UNIVYNE","robots":{"index":"index","follow":"follow","max-snippet":"max-snippet:-1","max-image-preview":"max-image-preview:large","max-video-preview":"max-video-preview:-1"},"canonical":"https:\/\/univyne.com\/index.php\/product\/penfolds-bin-150-maranga-shiraz\/","og_locale":"en_US","og_type":"article","og_title":"Penfolds Bin 150 Maranga Shiraz - UNIVYNE","og_description":"Penfolds, Marananga, Barossa Valley, South Australia Grape Varietal : Shiraz Wine type : Red Wine Food pairing : Grilled meats, especially juicy steaks and lamb chops; hearty stews or slow-cooked braised dishes; aged cheeses ABV : 14.5% Volume : 750ml","og_url":"https:\/\/univyne.com\/index.php\/product\/penfolds-bin-150-maranga-shiraz\/","og_site_name":"UNIVYNE","article_publisher":"https:\/\/www.facebook.com\/profile.php?id=61570708052547","article_modified_time":"2024-12-11T05:49:02+00:00","og_image":[{"width":800,"height":800,"url":"https:\/\/univyne.com\/wp-content\/uploads\/2024\/12\/Pic-10.jpg","type":"image\/jpeg"}],"twitter_card":"summary_large_image","twitter_misc":{"Est. reading time":"1 minute"},"schema":{"@context":"https:\/\/schema.org","@graph":[{"@type":"WebPage","@id":"https:\/\/univyne.com\/index.php\/product\/penfolds-bin-150-maranga-shiraz\/","url":"https:\/\/univyne.com\/index.php\/product\/penfolds-bin-150-maranga-shiraz\/","name":"Penfolds Bin 150 Maranga Shiraz - UNIVYNE","isPartOf":{"@id":"https:\/\/univyne.com\/#website"},"primaryImageOfPage":{"@id":"https:\/\/univyne.com\/index.php\/product\/penfolds-bin-150-maranga-shiraz\/#primaryimage"},"image":{"@id":"https:\/\/univyne.com\/index.php\/product\/penfolds-bin-150-maranga-shiraz\/#primaryimage"},"thumbnailUrl":"https:\/\/univyne.com\/wp-content\/uploads\/2024\/12\/Pic-10.jpg","datePublished":"2024-12-11T05:25:22+00:00","dateModified":"2024-12-11T05:49:02+00:00","breadcrumb":{"@id":"https:\/\/univyne.com\/index.php\/product\/penfolds-bin-150-maranga-shiraz\/#breadcrumb"},"inLanguage":"en-US","potentialAction":[{"@type":"ReadAction","target":["https:\/\/univyne.com\/index.php\/product\/penfolds-bin-150-maranga-shiraz\/"]}]},{"@type":"ImageObject","inLanguage":"en-US","@id":"https:\/\/univyne.com\/index.php\/product\/penfolds-bin-150-maranga-shiraz\/#primaryimage","url":"https:\/\/univyne.com\/wp-content\/uploads\/2024\/12\/Pic-10.jpg","contentUrl":"https:\/\/univyne.com\/wp-content\/uploads\/2024\/12\/Pic-10.jpg","width":800,"height":800},{"@type":"BreadcrumbList","@id":"https:\/\/univyne.com\/index.php\/product\/penfolds-bin-150-maranga-shiraz\/#breadcrumb","itemListElement":[{"@type":"ListItem","position":1,"name":"Home","item":"https:\/\/univyne.com\/"},{"@type":"ListItem","position":2,"name":"SHOP","item":"https:\/\/univyne.com\/index.php\/shop\/"},{"@type":"ListItem","position":3,"name":"Penfolds Bin 150 Maranga Shiraz"}]},{"@type":"WebSite","@id":"https:\/\/univyne.com\/#website","url":"https:\/\/univyne.com\/","name":"UNIVYNE","description":"","publisher":{"@id":"https:\/\/univyne.com\/#organization"},"potentialAction":[{"@type":"SearchAction","target":{"@type":"EntryPoint","urlTemplate":"https:\/\/univyne.com\/?s={search_term_string}"},"query-input":{"@type":"PropertyValueSpecification","valueRequired":true,"valueName":"search_term_string"}}],"inLanguage":"en-US"},{"@type":"Organization","@id":"https:\/\/univyne.com\/#organization","name":"UNIVYNE","url":"https:\/\/univyne.com\/","logo":{"@type":"ImageObject","inLanguage":"en-US","@id":"https:\/\/univyne.com\/#\/schema\/logo\/image\/","url":"https:\/\/univyne.com\/wp-content\/uploads\/2023\/11\/cropped-Capture.png","contentUrl":"https:\/\/univyne.com\/wp-content\/uploads\/2023\/11\/cropped-Capture.png","width":512,"height":512,"caption":"UNIVYNE"},"image":{"@id":"https:\/\/univyne.com\/#\/schema\/logo\/image\/"},"sameAs":["https:\/\/www.facebook.com\/profile.php?id=61570708052547"]}]}},"_links":{"self":[{"href":"https:\/\/univyne.com\/index.php\/wp-json\/wp\/v2\/product\/7312","targetHints":{"allow":["GET"]}}],"collection":[{"href":"https:\/\/univyne.com\/index.php\/wp-json\/wp\/v2\/product"}],"about":[{"href":"https:\/\/univyne.com\/index.php\/wp-json\/wp\/v2\/types\/product"}],"replies":[{"embeddable":true,"href":"https:\/\/univyne.com\/index.php\/wp-json\/wp\/v2\/comments?post=7312"}],"wp:featuredmedia":[{"embeddable":true,"href":"https:\/\/univyne.com\/index.php\/wp-json\/wp\/v2\/media\/7313"}],"wp:attachment":[{"href":"https:\/\/univyne.com\/index.php\/wp-json\/wp\/v2\/media?parent=7312"}],"wp:term":[{"taxonomy":"product_cat","embeddable":true,"href":"https:\/\/univyne.com\/index.php\/wp-json\/wp\/v2\/product_cat?post=7312"},{"taxonomy":"product_tag","embeddable":true,"href":"https:\/\/univyne.com\/index.php\/wp-json\/wp\/v2\/product_tag?post=7312"}],"curies":[{"name":"wp","href":"https:\/\/api.w.org\/{rel}","templated":true}]}}